{"id":682,"date":"2020-03-20T17:05:08","date_gmt":"2020-03-20T20:05:08","guid":{"rendered":"https:\/\/stimaenergia.com.br\/?page_id=682"},"modified":"2025-03-28T17:48:36","modified_gmt":"2025-03-28T20:48:36","slug":"stima-asset","status":"publish","type":"page","link":"https:\/\/stimaenergia.com.br\/index.php\/stima-asset\/","title":{"rendered":"Stima Asset"},"content":{"rendered":"<p>[vc_row full_width=&#8221;stretch_row_content_no_spaces&#8221;][vc_column][vc_single_image image=&#8221;756&#8243; img_size=&#8221;1920&#215;200&#8243; alignment=&#8221;center&#8221;][\/vc_column][\/vc_row][vc_row][vc_column][vc_column_text]Clique nos links abaixo para fazer o download dos documentos.<\/p>\n<ul>\n<li><a href=\"https:\/\/stimaenergia.com.br\/wp-content\/uploads\/2020\/06\/Stima-Pol\u00edtica-de-Controles-Internos-24-06-20-V2.pdf\" target=\"_blank\" rel=\"noopener noreferrer\">Pol\u00edtica de Controles Internos<\/a><\/li>\n<li><a href=\"https:\/\/stimaenergia.com.br\/wp-content\/uploads\/2020\/03\/Stima-Poli\u0301tica-de-Gesta\u0303o-de-Riscos.pdf\" target=\"_blank\" rel=\"noopener noreferrer\">Poli\u0301tica de Gesta\u0303o de Riscos<\/a><\/li>\n<li><a href=\"https:\/\/stimaenergia.com.br\/wp-content\/uploads\/2022\/06\/Stima-Manual-de-Gerenciamento-de-Risco-de-Liquidez.pdf\">Manual de Gerenciamento de Risco de Liquidez<\/a><\/li>\n<li><a href=\"https:\/\/stimaenergia.com.br\/wp-content\/uploads\/2020\/03\/Stima-Poli\u0301tica-de-Rateio-de-Divisa\u0303o-de-Ordens.pdf\" target=\"_blank\" rel=\"noopener noreferrer\">Poli\u0301tica de Rateio de Divisa\u0303o de Ordens<\/a><\/li>\n<li><a href=\"https:\/\/stimaenergia.com.br\/wp-content\/uploads\/2020\/03\/Stima-Politica-Investimentos-Pessoais.pdf\" target=\"_blank\" rel=\"noopener noreferrer\">Pol\u00edtica Investimentos Pessoais<\/a><\/li>\n<li><a href=\"https:\/\/stimaenergia.com.br\/wp-content\/uploads\/2020\/06\/Stima-C\u00f3digo-de-\u00c9tica-24-06-20-V2.pdf\" target=\"_blank\" rel=\"noopener noreferrer\">Co\u0301digo de E\u0301tica<\/a><\/li>\n<li><a href=\"https:\/\/stimaenergia.com.br\/wp-content\/uploads\/2025\/03\/Stima-Asset-Formulario-de-Referencia-Ano-Calendario-2024-TC_19.03.2025-VF-Assinado.pdf\">Formula\u0301rio de Refere\u0302ncia<\/a><\/li>\n<\/ul>\n<p>[\/vc_column_text][\/vc_column][\/vc_row][vc_row full_width=&#8221;stretch_row_content_no_spaces&#8221;][vc_column][vc_separator color=&#8221;custom&#8221; border_width=&#8221;6&#8243; el_width=&#8221;50&#8243; accent_color=&#8221;#ffe500&#8243;][\/vc_column][\/vc_row][vc_row full_height=&#8221;yes&#8221;][vc_column width=&#8221;2\/3&#8243;][vc_column_text]Esta institui\u00e7\u00e3o \u00e9 aderente ao c\u00f3digo ANBIMA de regula\u00e7\u00e3o e melhores pr\u00e1ticas para atividade de distribui\u00e7\u00e3o de produtos e investimentos no varejo.<\/p>\n<p>A Stima Asset Management n\u00e3o comercializa nem distribui cotas de fundos de investimento ou qualquer outro ativo financeiro. A distribui\u00e7\u00e3o dos nossos produtos \u00e9 realizada atrav\u00e9s de parceiros autorizados, integrantes do sistema de distribui\u00e7\u00e3o de valores mobili\u00e1rios.[\/vc_column_text][\/vc_column][vc_column width=&#8221;1\/3&#8243;][vc_single_image image=&#8221;1240&#8243; img_size=&#8221;full&#8221;][\/vc_column][\/vc_row]<\/p>\n","protected":false},"excerpt":{"rendered":"<p>[vc_row full_width=&#8221;stretch_row_content_no_spaces&#8221;][vc_column][vc_single_image image=&#8221;756&#8243; img_size=&#8221;1920&#215;200&#8243; alignment=&#8221;center&#8221;][\/vc_column][\/vc_row][vc_row][vc_column][vc_column_text]Clique nos links abaixo para fazer<span class=\"excerpt-hellip\"> [\u2026]<\/span><\/p>\n","protected":false},"author":4,"featured_media":743,"parent":0,"menu_order":0,"comment_status":"closed","ping_status":"closed","template":"","meta":[],"yoast_head":"<!-- This site is optimized with the Yoast SEO plugin v15.3 - https:\/\/yoast.com\/wordpress\/plugins\/seo\/ -->\n<title>Stima Asset<\/title>\n<meta name=\"robots\" content=\"index, follow, max-snippet:-1, max-image-preview:large, max-video-preview:-1\" \/>\n<link rel=\"canonical\" href=\"https:\/\/stimaenergia.com.br\/index.php\/stima-asset\/\" \/>\n<meta property=\"og:locale\" content=\"pt_BR\" \/>\n<meta property=\"og:type\" content=\"article\" \/>\n<meta property=\"og:title\" content=\"Stima Asset\" \/>\n<meta property=\"og:description\" content=\"[vc_row full_width=&#8221;stretch_row_content_no_spaces&#8221;][vc_column][vc_single_image image=&#8221;756&#8243; img_size=&#8221;1920&#215;200&#8243; alignment=&#8221;center&#8221;][\/vc_column][\/vc_row][vc_row][vc_column][vc_column_text]Clique nos links abaixo para fazer [\u2026]\" \/>\n<meta property=\"og:url\" content=\"https:\/\/stimaenergia.com.br\/index.php\/stima-asset\/\" \/>\n<meta property=\"og:site_name\" content=\"Stima Energia\" \/>\n<meta property=\"article:modified_time\" content=\"2025-03-28T20:48:36+00:00\" \/>\n<meta property=\"og:image\" content=\"https:\/\/stimaenergia.com.br\/wp-content\/uploads\/2020\/03\/banner_3.jpg\" \/>\n\t<meta property=\"og:image:width\" content=\"1920\" \/>\n\t<meta property=\"og:image:height\" content=\"577\" \/>\n<meta name=\"twitter:card\" content=\"summary_large_image\" \/>\n<meta name=\"twitter:label1\" content=\"Written by\">\n\t<meta name=\"twitter:data1\" content=\"lacom\">\n\t<meta name=\"twitter:label2\" content=\"Est. reading time\">\n\t<meta name=\"twitter:data2\" content=\"1 minuto\">\n<script type=\"application\/ld+json\" class=\"yoast-schema-graph\">{\"@context\":\"https:\/\/schema.org\",\"@graph\":[{\"@type\":\"WebSite\",\"@id\":\"https:\/\/stimaenergia.com.br\/#website\",\"url\":\"https:\/\/stimaenergia.com.br\/\",\"name\":\"Stima Energia\",\"description\":\"Comercializa\\u00e7\\u00e3o de Energia - Mercado Livre de Energia\",\"potentialAction\":[{\"@type\":\"SearchAction\",\"target\":\"https:\/\/stimaenergia.com.br\/?s={search_term_string}\",\"query-input\":\"required name=search_term_string\"}],\"inLanguage\":\"pt-BR\"},{\"@type\":\"ImageObject\",\"@id\":\"https:\/\/stimaenergia.com.br\/index.php\/stima-asset\/#primaryimage\",\"inLanguage\":\"pt-BR\",\"url\":\"https:\/\/stimaenergia.com.br\/wp-content\/uploads\/2020\/03\/banner_3.jpg\",\"width\":1920,\"height\":577},{\"@type\":\"WebPage\",\"@id\":\"https:\/\/stimaenergia.com.br\/index.php\/stima-asset\/#webpage\",\"url\":\"https:\/\/stimaenergia.com.br\/index.php\/stima-asset\/\",\"name\":\"Stima Asset\",\"isPartOf\":{\"@id\":\"https:\/\/stimaenergia.com.br\/#website\"},\"primaryImageOfPage\":{\"@id\":\"https:\/\/stimaenergia.com.br\/index.php\/stima-asset\/#primaryimage\"},\"datePublished\":\"2020-03-20T20:05:08+00:00\",\"dateModified\":\"2025-03-28T20:48:36+00:00\",\"inLanguage\":\"pt-BR\",\"potentialAction\":[{\"@type\":\"ReadAction\",\"target\":[\"https:\/\/stimaenergia.com.br\/index.php\/stima-asset\/\"]}]}]}<\/script>\n<!-- \/ Yoast SEO plugin. -->","_links":{"self":[{"href":"https:\/\/stimaenergia.com.br\/index.php\/wp-json\/wp\/v2\/pages\/682"}],"collection":[{"href":"https:\/\/stimaenergia.com.br\/index.php\/wp-json\/wp\/v2\/pages"}],"about":[{"href":"https:\/\/stimaenergia.com.br\/index.php\/wp-json\/wp\/v2\/types\/page"}],"author":[{"embeddable":true,"href":"https:\/\/stimaenergia.com.br\/index.php\/wp-json\/wp\/v2\/users\/4"}],"replies":[{"embeddable":true,"href":"https:\/\/stimaenergia.com.br\/index.php\/wp-json\/wp\/v2\/comments?post=682"}],"version-history":[{"count":3,"href":"https:\/\/stimaenergia.com.br\/index.php\/wp-json\/wp\/v2\/pages\/682\/revisions"}],"predecessor-version":[{"id":2466,"href":"https:\/\/stimaenergia.com.br\/index.php\/wp-json\/wp\/v2\/pages\/682\/revisions\/2466"}],"wp:featuredmedia":[{"embeddable":true,"href":"https:\/\/stimaenergia.com.br\/index.php\/wp-json\/wp\/v2\/media\/743"}],"wp:attachment":[{"href":"https:\/\/stimaenergia.com.br\/index.php\/wp-json\/wp\/v2\/media?parent=682"}],"curies":[{"name":"wp","href":"https:\/\/api.w.org\/{rel}","templated":true}]}}